{"id":17,"date":"2015-04-14T08:53:03","date_gmt":"2015-04-14T07:53:03","guid":{"rendered":"http:\/\/www.valerietassi.com\/?page_id=17"},"modified":"2024-01-12T15:29:41","modified_gmt":"2024-01-12T14:29:41","slug":"evenements-prives","status":"publish","type":"page","link":"https:\/\/www.valerietassi.com\/fr\/evenements-prives\/","title":{"rendered":"\u00c9v\u00e8nements priv\u00e9s"},"content":{"rendered":"<p>Vous souhaitez c\u00e9l\u00e9brer un moment particulier de votre vie et que vos invit\u00e9s en gardent un souvenir inoubliable\u00a0? Laissez-vous porter par l\u2019atmosph\u00e8re si convoit\u00e9e de la Riviera fran\u00e7aise et nous nous chargeons du reste (lieu, traiteur, d\u00e9coration, animation, etc.), y compris de vos envies les plus folles.<\/p>\n<p><strong>Voici quelques exemples de nos r\u00e9alisations\u00a0: <\/strong><\/p>\n<p>Un <a href=\"http:\/\/www.valerietassi.com\/?realisations=mariage-de-reve\">mariage<\/a> \u00ab\u00a0Ann\u00e9es Folles\u00a0\u00bb sur un bateau \u00e0 vapeur des ann\u00e9es 20, un autre dans une villa prestigieuse de la C\u00f4te d\u2019Azur sur le th\u00e8me \u00ab Cary Grant\u00a0\u00bb. Pour un couple mixte, nous avons con\u00e7u une d\u00e9coration \u00e0 pois noir &amp; blanc, etc.<\/p>\n<p>Une soir\u00e9e sur les pas des <a href=\"http:\/\/www.valerietassi.com\/?realisations=inspiration-surrealiste\">Surr\u00e9alistes<\/a>, de \u00ab\u00a0<a href=\"http:\/\/www.valerietassi.com\/?realisations=gatsby-le-magnifique\">Gatsby le Magnifique<\/a>\u00a0\u00bb ou de \u00ab\u00a0<a href=\"http:\/\/www.valerietassi.com\/?realisations=james-bond007\">James Bond<\/a>\u00a0\u00bb, les id\u00e9es ne manquent pas. A moins que vous ne pr\u00e9f\u00e9riez la l\u00e9g\u00e8ret\u00e9 d\u2019une \u00ab\u00a0<a href=\"http:\/\/www.valerietassi.com\/?realisations=soiree-blanche-nikki-beach\">Soir\u00e9e Blanche\/Nikki Beach<\/a> \u00bb au bord de la mer ou la convivialit\u00e9 d\u2019un <a href=\"http:\/\/www.valerietassi.com\/?realisations=experience-provencale\">d\u00e9jeuner tradition<\/a>\u2026<\/p>\n<p><strong>Construisons ensemble votre projet pour un r\u00e9sultat<\/strong><strong>, au moins, \u00e0 la hauteur de vos r\u00eaves\u2026<\/strong><\/p>\n<p><span style=\"color: #e24307; text-decoration: underline;\"><strong>Nos plus\u00a0:<\/strong><\/span><\/p>\n<ul>\n<li><strong>Proximit\u00e9, disponibilit\u00e9, flexibilit\u00e9, adaptabilit\u00e9\u00a0: Nous sommes \u00e0 votre disposition pour vous \u00e9couter, vous conseiller et vous accompagner jusqu\u2019\u00e0 la r\u00e9alisation de votre projet.<\/strong><\/li>\n<li><strong>Discr\u00e9tion et Personnalisation\u00a0: Vous \u00eates les H\u00f4tes et nous ne l&rsquo;oublions pas\u00a0! En coulisse et en votre nom, nous mettons tout en \u0153uvre pour que demeure chez vos invit\u00e9s\u00a0: \u00ab\u00a0<strong>l\u2019Empreinte d\u2019une Emotion\u00a0<\/strong>\u00bb\u2026<\/strong><\/li>\n<\/ul>\n","protected":false},"excerpt":{"rendered":"Vous souhaitez c\u00e9l\u00e9brer un moment particulier de votre vie et que vos invit\u00e9s en gardent un souvenir inoubliable\u00a0? Laissez-vous porter par l\u2019atmosph\u00e8re si convoit\u00e9e de la Riviera fran\u00e7aise et nous nous chargeons du reste (lieu, traiteur, d\u00e9coration, animation, etc.), y compris de vos envies les plus folles. Voici quelques exemples de nos r\u00e9alisations\u00a0: Un mariage&#8230; <a class=\"view-article\" href=\"https:\/\/www.valerietassi.com\/fr\/evenements-prives\/\">Voir l&rsquo;article<\/a>","protected":false},"author":1,"featured_media":0,"parent":0,"menu_order":0,"comment_status":"open","ping_status":"open","template":"","meta":{"footnotes":""},"_links":{"self":[{"href":"https:\/\/www.valerietassi.com\/fr\/wp-json\/wp\/v2\/pages\/17"}],"collection":[{"href":"https:\/\/www.valerietassi.com\/fr\/wp-json\/wp\/v2\/pages"}],"about":[{"href":"https:\/\/www.valerietassi.com\/fr\/wp-json\/wp\/v2\/types\/page"}],"author":[{"embeddable":true,"href":"https:\/\/www.valerietassi.com\/fr\/wp-json\/wp\/v2\/users\/1"}],"replies":[{"embeddable":true,"href":"https:\/\/www.valerietassi.com\/fr\/wp-json\/wp\/v2\/comments?post=17"}],"version-history":[{"count":17,"href":"https:\/\/www.valerietassi.com\/fr\/wp-json\/wp\/v2\/pages\/17\/revisions"}],"predecessor-version":[{"id":722,"href":"https:\/\/www.valerietassi.com\/fr\/wp-json\/wp\/v2\/pages\/17\/revisions\/722"}],"wp:attachment":[{"href":"https:\/\/www.valerietassi.com\/fr\/wp-json\/wp\/v2\/media?parent=17"}],"curies":[{"name":"wp","href":"https:\/\/api.w.org\/{rel}","templated":true}]}}