{"id":15,"date":"2015-04-14T08:52:14","date_gmt":"2015-04-14T07:52:14","guid":{"rendered":"http:\/\/www.valerietassi.com\/?page_id=15"},"modified":"2024-01-12T15:05:55","modified_gmt":"2024-01-12T14:05:55","slug":"agences","status":"publish","type":"page","link":"https:\/\/www.valerietassi.com\/fr\/agences\/","title":{"rendered":"Agences"},"content":{"rendered":"<p>Appuyez-vous sur nos 20 ann\u00e9es d\u2019exp\u00e9rience et notre connaissance approfondie de la r\u00e9gion pour \u00eatre\u00a0<strong>votre relais local sur la C\u00f4te d\u2019Azur<\/strong><\/p>\n<p><span style=\"text-decoration: underline;\">Val\u00e9rie Tassi Events vous apporte\u00a0:<\/span><\/p>\n<ul>\n<li><i class=\"fa fa-long-arrow-right\"><\/i> une ASSISTANCE sur la phase d\u2019\u00e9tude du projet\u00a0(rep\u00e9rage, faisabilit\u00e9 technique, autorisations, etc.) et sur la phase de r\u00e9alisation\u00a0(coordination, r\u00e9gie).\n<ul>\n<li><u>B\u00e9n\u00e9fice pour vous :<\/u> un gain de temps (et donc d\u2019argent) consid\u00e9rable.<\/li>\n<\/ul>\n<\/li>\n<\/ul>\n<ul>\n<li><i class=\"fa fa-long-arrow-right\"><\/i> une v\u00e9ritable FORCE DE PROPOSITIONS \u00e0 travers nos recommandations illustr\u00e9es et chiffr\u00e9es, aux suggestions pertinentes (lieu, th\u00e8me, artistes, etc.) par rapport au brief du client et en lien avec le choix de la destination C\u00f4te d\u2019Azur\/Monaco.\n<ul>\n<li><i class=\"fa fa-long-arrow-right\"><\/i> <u>B\u00e9n\u00e9fice pour vous :<\/u> une proposition d\u00e9taill\u00e9e, originale et cr\u00e9ative que vous pourrez r\u00e9utiliser.<\/li>\n<\/ul>\n<\/li>\n<\/ul>\n<ul>\n<li><i class=\"fa fa-long-arrow-right\"><\/i> La GARANTIE d\u2019un haut niveau de service en s\u00e9lectionnant pour vous les prestataires les plus adapt\u00e9s (locaux si possible), en pr\u00e9sentant croquis, plans, roughs ou autre rendus 3D si n\u00e9cessaire, et en n\u00e9gociant le meilleur rapport qualit\u00e9\/prix gr\u00e2ce \u00e0 nos remises.\n<ul>\n<li><i class=\"fa fa-long-arrow-right\"><\/i> <u>B\u00e9n\u00e9fice pour vous :<\/u> S\u00e9curit\u00e9 et s\u00e9r\u00e9nit\u00e9.<\/li>\n<\/ul>\n<\/li>\n<\/ul>\n<p>&nbsp;<\/p>\n<p>&nbsp;<\/p>\n<p>Nous constituons une v\u00e9ritable<strong> RESSOURCE<\/strong> pour les agences d\u00e9localis\u00e9es, alors n\u2019h\u00e9sitez plus\u00a0!<\/p>\n<p><span style=\"color: #e24307; text-decoration: underline;\"><strong>Nos Plus\u00a0:<\/strong><\/span><\/p>\n<ul>\n<li><span style=\"color: #e24307;\"><strong style=\"position: relative;\"><i class=\"fa fa-circle\"><\/i> Une parfaite connaissance des structures d\u2019accueil de la r\u00e9gion (h\u00f4tels, Palais des Congr\u00e8s, Ch\u00e2teaux, Villas priv\u00e9es, etc.)<\/strong><\/span><\/li>\n<li><span style=\"color: #e24307;\"><strong style=\"position: relative;\"><i class=\"fa fa-circle\"><\/i> Une collaboration privil\u00e9gi\u00e9e et rigoureuse avec les prestataires locaux (technique, d\u00e9coration, s\u00e9curit\u00e9, logistique, etc.) <\/strong><\/span><\/li>\n<li><span style=\"color: #e24307;\"><strong style=\"position: relative;\"><i class=\"fa fa-circle\"><\/i> Un large fichier d\u2019artistes (locaux, nationaux et internationaux)<\/strong><\/span><\/li>\n<li><strong style=\"position: relative;\"><span style=\"color: #e24307;\"><i class=\"fa fa-circle\"><\/i>Un seul interlocuteur (discret), parlant anglais et qui s\u2019adapte \u00e0 tous les types de clients et de cultures (grande exp\u00e9rience du tourisme d\u2019affaires nord-am\u00e9ricain et d\u2019Europe du Nord, et exp\u00e9rience plus r\u00e9cente des nouveaux amoureux de la C\u00f4te d\u2019Azur\u00a0: les Chinois\u00a0!)<\/span><\/strong><\/li>\n<\/ul>\n","protected":false},"excerpt":{"rendered":"Appuyez-vous sur nos 20 ann\u00e9es d\u2019exp\u00e9rience et notre connaissance approfondie de la r\u00e9gion pour \u00eatre\u00a0votre relais local sur la C\u00f4te d\u2019Azur Val\u00e9rie Tassi Events vous apporte\u00a0: une ASSISTANCE sur la phase d\u2019\u00e9tude du projet\u00a0(rep\u00e9rage, faisabilit\u00e9 technique, autorisations, etc.) et sur la phase de r\u00e9alisation\u00a0(coordination, r\u00e9gie). B\u00e9n\u00e9fice pour vous : un gain de temps (et donc&#8230; <a class=\"view-article\" href=\"https:\/\/www.valerietassi.com\/fr\/agences\/\">Voir l&rsquo;article<\/a>","protected":false},"author":1,"featured_media":0,"parent":0,"menu_order":0,"comment_status":"open","ping_status":"closed","template":"template-agence.php","meta":{"footnotes":""},"_links":{"self":[{"href":"https:\/\/www.valerietassi.com\/fr\/wp-json\/wp\/v2\/pages\/15"}],"collection":[{"href":"https:\/\/www.valerietassi.com\/fr\/wp-json\/wp\/v2\/pages"}],"about":[{"href":"https:\/\/www.valerietassi.com\/fr\/wp-json\/wp\/v2\/types\/page"}],"author":[{"embeddable":true,"href":"https:\/\/www.valerietassi.com\/fr\/wp-json\/wp\/v2\/users\/1"}],"replies":[{"embeddable":true,"href":"https:\/\/www.valerietassi.com\/fr\/wp-json\/wp\/v2\/comments?post=15"}],"version-history":[{"count":34,"href":"https:\/\/www.valerietassi.com\/fr\/wp-json\/wp\/v2\/pages\/15\/revisions"}],"predecessor-version":[{"id":723,"href":"https:\/\/www.valerietassi.com\/fr\/wp-json\/wp\/v2\/pages\/15\/revisions\/723"}],"wp:attachment":[{"href":"https:\/\/www.valerietassi.com\/fr\/wp-json\/wp\/v2\/media?parent=15"}],"curies":[{"name":"wp","href":"https:\/\/api.w.org\/{rel}","templated":true}]}}