{"id":11,"date":"2015-04-14T08:47:34","date_gmt":"2015-04-14T07:47:34","guid":{"rendered":"http:\/\/www.valerietassi.com\/?page_id=11"},"modified":"2016-11-21T15:53:34","modified_gmt":"2016-11-21T14:53:34","slug":"evenements-dentreprise","status":"publish","type":"page","link":"https:\/\/www.valerietassi.com\/fr\/evenements-dentreprise\/","title":{"rendered":"\u00c9v\u00e8nements d\u2019entreprise"},"content":{"rendered":"<p><em>Un \u00e9v\u00e8nement est \u00ab\u00a0une action de communication ponctuelle rassemblant un public et faisant l\u2019objet d\u2019une mise en sc\u00e8ne destin\u00e9e \u00e0 marquer les esprits dans un but pr\u00e9cis\u00a0\u00bb (Source ANAe \u2013 Association des agences de communication \u00e9v\u00e8nementielle).<\/em><\/p>\n<p><u>Il r\u00e9pond \u00e0 des objectifs de communication cibl\u00e9s\u00a0:<\/u><\/p>\n<ul>\n<li>REMERCIER vos clients<\/li>\n<li>MOTIVER, FEDERER vos \u00e9quipes<\/li>\n<li>ACCOMPAGNER les politiques de changement<\/li>\n<li>RECOMPENSER vos salari\u00e9s<\/li>\n<li>LANCER un nouveau produit<\/li>\n<li>ANNONCER une nouvelle strat\u00e9gie<\/li>\n<li>INAUGURER un nouveau lieu<\/li>\n<li>CELEBRER un anniversaire ou un r\u00e9sultat<\/li>\n<li>VALORISER votre image<\/li>\n<\/ul>\n<p><em>Selon Muriel Chapuis de Groupe Ev\u00e9nements : \u00ab\u00a0S\u2019il y a bien un mot pour illustrer, d\u00e9finir et incarner la communication par l\u2019\u00e9v\u00e9nement, ce serait s\u00fbrement celui-ci :\u00a0<strong>rencontre.<\/strong>\u00a0Car, c\u2019est bien elle qui est au c\u0153ur de l\u2019activit\u00e9 de tous ces pros \u0153uvrant \u00e0 rapprocher les hommes autour du m\u00eame message d\u2019une marque, que celui-ci soit d\u00e9livr\u00e9 lors d\u2019une\u00a0<strong>soir\u00e9e<\/strong>, sur un salon, au sein d\u2019un showroom ou via les r\u00e9seaux sociaux.\u00a0\u00bb\u00a0\u00a0\u00a0\u00a0\u00a0\u00a0\u00a0\u00a0\u00a0\u00a0\u00a0\u00a0\u00a0\u00a0\u00a0<\/em><\/p>\n<p>&nbsp;<\/p>\n<p><strong>Notre m\u00e9tier\u00a0: l\u2019organisation et la mise en sc\u00e8ne de votre \u00e9v\u00e8nement\u00a0!<\/strong><\/p>\n<p>En fonction du type d\u2019\u00e9v\u00e8nements choisi (soir\u00e9e de gala, inauguration, lancement de produits, incentive, etc.) et de votre identit\u00e9, nous vous conseillons un format\u00a0et un style : formel ou informel, convivial ou classique, \u00e9l\u00e9gant ou contemporain, interactif et\/ou innovant, etc. Nous vous transmettrons une recommandation illustr\u00e9e et chiffr\u00e9e tenant compte de vos contraintes (budg\u00e9taires et strat\u00e9giques).<\/p>\n<p><span style=\"color: #e24307;\"><strong><u>Nos Plus :<\/u><\/strong><strong> un seul interlocuteur, disponibilit\u00e9 et r\u00e9activit\u00e9, une longue et riche exp\u00e9rience de l\u2019\u00e9v\u00e8nement d\u2019entreprise national et international sur la C\u00f4te d\u2019Azur.<\/strong><\/span><\/p>\n<p><strong>Un \u00e9v\u00e8nement sur mesure pour un impact \u00e0 votre mesure\u00a0!<\/strong><\/p>\n<p>&nbsp;<\/p>\n<p>&nbsp;<\/p>\n","protected":false},"excerpt":{"rendered":"Un \u00e9v\u00e8nement est \u00ab\u00a0une action de communication ponctuelle rassemblant un public et faisant l\u2019objet d\u2019une mise en sc\u00e8ne destin\u00e9e \u00e0 marquer les esprits dans un but pr\u00e9cis\u00a0\u00bb (Source ANAe \u2013 Association des agences de communication \u00e9v\u00e8nementielle). Il r\u00e9pond \u00e0 des objectifs de communication cibl\u00e9s\u00a0: REMERCIER vos clients MOTIVER, FEDERER vos \u00e9quipes ACCOMPAGNER les politiques de&#8230; <a class=\"view-article\" href=\"https:\/\/www.valerietassi.com\/fr\/evenements-dentreprise\/\">Voir l&rsquo;article<\/a>","protected":false},"author":1,"featured_media":0,"parent":0,"menu_order":0,"comment_status":"open","ping_status":"open","template":"","meta":{"footnotes":""},"_links":{"self":[{"href":"https:\/\/www.valerietassi.com\/fr\/wp-json\/wp\/v2\/pages\/11"}],"collection":[{"href":"https:\/\/www.valerietassi.com\/fr\/wp-json\/wp\/v2\/pages"}],"about":[{"href":"https:\/\/www.valerietassi.com\/fr\/wp-json\/wp\/v2\/types\/page"}],"author":[{"embeddable":true,"href":"https:\/\/www.valerietassi.com\/fr\/wp-json\/wp\/v2\/users\/1"}],"replies":[{"embeddable":true,"href":"https:\/\/www.valerietassi.com\/fr\/wp-json\/wp\/v2\/comments?post=11"}],"version-history":[{"count":10,"href":"https:\/\/www.valerietassi.com\/fr\/wp-json\/wp\/v2\/pages\/11\/revisions"}],"predecessor-version":[{"id":520,"href":"https:\/\/www.valerietassi.com\/fr\/wp-json\/wp\/v2\/pages\/11\/revisions\/520"}],"wp:attachment":[{"href":"https:\/\/www.valerietassi.com\/fr\/wp-json\/wp\/v2\/media?parent=11"}],"curies":[{"name":"wp","href":"https:\/\/api.w.org\/{rel}","templated":true}]}}